{"id":737,"date":"2021-04-06T18:18:29","date_gmt":"2021-04-06T16:18:29","guid":{"rendered":"https:\/\/www.astro-novinky.eu\/?page_id=737"},"modified":"2021-04-08T17:34:12","modified_gmt":"2021-04-08T15:34:12","slug":"rss-2","status":"publish","type":"page","link":"https:\/\/www.astro-novinky.eu\/index.php\/rss-2\/","title":{"rendered":"RSS"},"content":{"rendered":"<p>Tla\u010dov\u00e1 agent\u00fara astro-novinky.eu umo\u017e\u0148uje sledova\u0165 svoje spr\u00e1vy aj prostredn\u00edctvom RSS. Cez RSS kan\u00e1l dostane \u010d\u00edtate\u013e inform\u00e1ciu o ka\u017edom novom \u010dl\u00e1nku, ktor\u00fd sa objav\u00ed na str\u00e1nke. Spom\u00ednan\u00fd form\u00e1t odberu spr\u00e1v je pr\u00edstupn\u00fd cez RSS \u010d\u00edta\u010de (zoznam odpor\u00fa\u010dan\u00e9ho softv\u00e9ru n\u00e1jdete pod RSS linkami), cez internetov\u00e9 prehliada\u010de (napr. Firefox) alebo cez e-mailov\u00e9 klienty (napr. Thunderbird).<\/p>\n<p><a href=\"https:\/\/www.astro-novinky.eu\/index.php\/feed\/\">Astro-novinky.eu &#8211; RSS kan\u00e1l<\/a><\/p>\n<p><strong>RSS \u010c\u00edta\u010de<\/strong><\/p>\n<p><a href=\"http:\/\/www.feedreader.com\/download\" target=\"_blank\" rel=\"noopener\">Feedreader<\/a><br \/>\n<a href=\"https:\/\/feedly.com\/\" target=\"_blank\" rel=\"noopener\">Feedly<\/a><\/p>\n","protected":false},"excerpt":{"rendered":"<p>Tla\u010dov\u00e1 agent\u00fara astro-novinky.eu umo\u017e\u0148uje sledova\u0165 svoje spr\u00e1vy aj prostredn\u00edctvom RSS. Cez RSS kan\u00e1l dostane \u010d\u00edtate\u013e inform\u00e1ciu o ka\u017edom novom \u010dl\u00e1nku,<\/p>\n","protected":false},"author":1,"featured_media":0,"parent":0,"menu_order":0,"comment_status":"closed","ping_status":"closed","template":"","meta":{"colormag_page_container_layout":"no_sidebar_full_width","colormag_page_sidebar_layout":"right_sidebar","footnotes":""},"categories":[],"tags":[],"class_list":["post-737","page","type-page","status-publish","hentry"],"yoast_head":"<!-- This site is optimized with the Yoast SEO plugin v27.5 - https:\/\/yoast.com\/product\/yoast-seo-wordpress\/ -->\n<title>RSS - Astro-novinky.eu<\/title>\n<meta name=\"robots\" content=\"index, follow, max-snippet:-1, max-image-preview:large, max-video-preview:-1\" \/>\n<link rel=\"canonical\" href=\"https:\/\/www.astro-novinky.eu\/index.php\/rss-2\/\" \/>\n<meta property=\"og:locale\" content=\"sk_SK\" \/>\n<meta property=\"og:type\" content=\"article\" \/>\n<meta property=\"og:title\" content=\"RSS - Astro-novinky.eu\" \/>\n<meta property=\"og:description\" content=\"Tla\u010dov\u00e1 agent\u00fara astro-novinky.eu umo\u017e\u0148uje sledova\u0165 svoje spr\u00e1vy aj prostredn\u00edctvom RSS. Cez RSS kan\u00e1l dostane \u010d\u00edtate\u013e inform\u00e1ciu o ka\u017edom novom \u010dl\u00e1nku,\" \/>\n<meta property=\"og:url\" content=\"https:\/\/www.astro-novinky.eu\/index.php\/rss-2\/\" \/>\n<meta property=\"og:site_name\" content=\"Astro-novinky.eu\" \/>\n<meta property=\"article:publisher\" content=\"https:\/\/www.facebook.com\/MinutkyZVesmiru\" \/>\n<meta property=\"article:modified_time\" content=\"2021-04-08T15:34:12+00:00\" \/>\n<meta property=\"og:image\" content=\"https:\/\/www.astro-novinky.eu\/wp-content\/uploads\/2021\/04\/Logo_SMALLest.png\" \/>\n\t<meta property=\"og:image:width\" content=\"214\" \/>\n\t<meta property=\"og:image:height\" content=\"94\" \/>\n\t<meta property=\"og:image:type\" content=\"image\/png\" \/>\n<meta name=\"twitter:card\" content=\"summary_large_image\" \/>\n<script type=\"application\/ld+json\" class=\"yoast-schema-graph\">{\"@context\":\"https:\\\/\\\/schema.org\",\"@graph\":[{\"@type\":\"WebPage\",\"@id\":\"https:\\\/\\\/www.astro-novinky.eu\\\/index.php\\\/rss-2\\\/\",\"url\":\"https:\\\/\\\/www.astro-novinky.eu\\\/index.php\\\/rss-2\\\/\",\"name\":\"RSS - Astro-novinky.eu\",\"isPartOf\":{\"@id\":\"https:\\\/\\\/www.astro-novinky.eu\\\/#website\"},\"datePublished\":\"2021-04-06T16:18:29+00:00\",\"dateModified\":\"2021-04-08T15:34:12+00:00\",\"breadcrumb\":{\"@id\":\"https:\\\/\\\/www.astro-novinky.eu\\\/index.php\\\/rss-2\\\/#breadcrumb\"},\"inLanguage\":\"sk-SK\",\"potentialAction\":[{\"@type\":\"ReadAction\",\"target\":[\"https:\\\/\\\/www.astro-novinky.eu\\\/index.php\\\/rss-2\\\/\"]}]},{\"@type\":\"BreadcrumbList\",\"@id\":\"https:\\\/\\\/www.astro-novinky.eu\\\/index.php\\\/rss-2\\\/#breadcrumb\",\"itemListElement\":[{\"@type\":\"ListItem\",\"position\":1,\"name\":\"Domovsk\u00e1 str\u00e1nka\",\"item\":\"https:\\\/\\\/www.astro-novinky.eu\\\/\"},{\"@type\":\"ListItem\",\"position\":2,\"name\":\"RSS\"}]},{\"@type\":\"WebSite\",\"@id\":\"https:\\\/\\\/www.astro-novinky.eu\\\/#website\",\"url\":\"https:\\\/\\\/www.astro-novinky.eu\\\/\",\"name\":\"Astro-novinky.eu\",\"description\":\"Novinky z astronomie a kosmonautiky\",\"publisher\":{\"@id\":\"https:\\\/\\\/www.astro-novinky.eu\\\/#organization\"},\"alternateName\":\"Astro-Novinky.eu\",\"potentialAction\":[{\"@type\":\"SearchAction\",\"target\":{\"@type\":\"EntryPoint\",\"urlTemplate\":\"https:\\\/\\\/www.astro-novinky.eu\\\/?s={search_term_string}\"},\"query-input\":{\"@type\":\"PropertyValueSpecification\",\"valueRequired\":true,\"valueName\":\"search_term_string\"}}],\"inLanguage\":\"sk-SK\"},{\"@type\":\"Organization\",\"@id\":\"https:\\\/\\\/www.astro-novinky.eu\\\/#organization\",\"name\":\"Astro-Novinky.eu\",\"alternateName\":\"Astro-Novinky.eu\",\"url\":\"https:\\\/\\\/www.astro-novinky.eu\\\/\",\"logo\":{\"@type\":\"ImageObject\",\"inLanguage\":\"sk-SK\",\"@id\":\"https:\\\/\\\/www.astro-novinky.eu\\\/#\\\/schema\\\/logo\\\/image\\\/\",\"url\":\"https:\\\/\\\/www.astro-novinky.eu\\\/wp-content\\\/uploads\\\/2021\\\/04\\\/Logo_SMALLest.png\",\"contentUrl\":\"https:\\\/\\\/www.astro-novinky.eu\\\/wp-content\\\/uploads\\\/2021\\\/04\\\/Logo_SMALLest.png\",\"width\":214,\"height\":94,\"caption\":\"Astro-Novinky.eu\"},\"image\":{\"@id\":\"https:\\\/\\\/www.astro-novinky.eu\\\/#\\\/schema\\\/logo\\\/image\\\/\"},\"sameAs\":[\"https:\\\/\\\/www.facebook.com\\\/MinutkyZVesmiru\"]}]}<\/script>\n<!-- \/ Yoast SEO plugin. -->","yoast_head_json":{"title":"RSS - Astro-novinky.eu","robots":{"index":"index","follow":"follow","max-snippet":"max-snippet:-1","max-image-preview":"max-image-preview:large","max-video-preview":"max-video-preview:-1"},"canonical":"https:\/\/www.astro-novinky.eu\/index.php\/rss-2\/","og_locale":"sk_SK","og_type":"article","og_title":"RSS - Astro-novinky.eu","og_description":"Tla\u010dov\u00e1 agent\u00fara astro-novinky.eu umo\u017e\u0148uje sledova\u0165 svoje spr\u00e1vy aj prostredn\u00edctvom RSS. Cez RSS kan\u00e1l dostane \u010d\u00edtate\u013e inform\u00e1ciu o ka\u017edom novom \u010dl\u00e1nku,","og_url":"https:\/\/www.astro-novinky.eu\/index.php\/rss-2\/","og_site_name":"Astro-novinky.eu","article_publisher":"https:\/\/www.facebook.com\/MinutkyZVesmiru","article_modified_time":"2021-04-08T15:34:12+00:00","og_image":[{"width":214,"height":94,"url":"https:\/\/www.astro-novinky.eu\/wp-content\/uploads\/2021\/04\/Logo_SMALLest.png","type":"image\/png"}],"twitter_card":"summary_large_image","schema":{"@context":"https:\/\/schema.org","@graph":[{"@type":"WebPage","@id":"https:\/\/www.astro-novinky.eu\/index.php\/rss-2\/","url":"https:\/\/www.astro-novinky.eu\/index.php\/rss-2\/","name":"RSS - Astro-novinky.eu","isPartOf":{"@id":"https:\/\/www.astro-novinky.eu\/#website"},"datePublished":"2021-04-06T16:18:29+00:00","dateModified":"2021-04-08T15:34:12+00:00","breadcrumb":{"@id":"https:\/\/www.astro-novinky.eu\/index.php\/rss-2\/#breadcrumb"},"inLanguage":"sk-SK","potentialAction":[{"@type":"ReadAction","target":["https:\/\/www.astro-novinky.eu\/index.php\/rss-2\/"]}]},{"@type":"BreadcrumbList","@id":"https:\/\/www.astro-novinky.eu\/index.php\/rss-2\/#breadcrumb","itemListElement":[{"@type":"ListItem","position":1,"name":"Domovsk\u00e1 str\u00e1nka","item":"https:\/\/www.astro-novinky.eu\/"},{"@type":"ListItem","position":2,"name":"RSS"}]},{"@type":"WebSite","@id":"https:\/\/www.astro-novinky.eu\/#website","url":"https:\/\/www.astro-novinky.eu\/","name":"Astro-novinky.eu","description":"Novinky z astronomie a kosmonautiky","publisher":{"@id":"https:\/\/www.astro-novinky.eu\/#organization"},"alternateName":"Astro-Novinky.eu","potentialAction":[{"@type":"SearchAction","target":{"@type":"EntryPoint","urlTemplate":"https:\/\/www.astro-novinky.eu\/?s={search_term_string}"},"query-input":{"@type":"PropertyValueSpecification","valueRequired":true,"valueName":"search_term_string"}}],"inLanguage":"sk-SK"},{"@type":"Organization","@id":"https:\/\/www.astro-novinky.eu\/#organization","name":"Astro-Novinky.eu","alternateName":"Astro-Novinky.eu","url":"https:\/\/www.astro-novinky.eu\/","logo":{"@type":"ImageObject","inLanguage":"sk-SK","@id":"https:\/\/www.astro-novinky.eu\/#\/schema\/logo\/image\/","url":"https:\/\/www.astro-novinky.eu\/wp-content\/uploads\/2021\/04\/Logo_SMALLest.png","contentUrl":"https:\/\/www.astro-novinky.eu\/wp-content\/uploads\/2021\/04\/Logo_SMALLest.png","width":214,"height":94,"caption":"Astro-Novinky.eu"},"image":{"@id":"https:\/\/www.astro-novinky.eu\/#\/schema\/logo\/image\/"},"sameAs":["https:\/\/www.facebook.com\/MinutkyZVesmiru"]}]}},"_links":{"self":[{"href":"https:\/\/www.astro-novinky.eu\/index.php\/wp-json\/wp\/v2\/pages\/737","targetHints":{"allow":["GET"]}}],"collection":[{"href":"https:\/\/www.astro-novinky.eu\/index.php\/wp-json\/wp\/v2\/pages"}],"about":[{"href":"https:\/\/www.astro-novinky.eu\/index.php\/wp-json\/wp\/v2\/types\/page"}],"author":[{"embeddable":true,"href":"https:\/\/www.astro-novinky.eu\/index.php\/wp-json\/wp\/v2\/users\/1"}],"replies":[{"embeddable":true,"href":"https:\/\/www.astro-novinky.eu\/index.php\/wp-json\/wp\/v2\/comments?post=737"}],"version-history":[{"count":5,"href":"https:\/\/www.astro-novinky.eu\/index.php\/wp-json\/wp\/v2\/pages\/737\/revisions"}],"predecessor-version":[{"id":781,"href":"https:\/\/www.astro-novinky.eu\/index.php\/wp-json\/wp\/v2\/pages\/737\/revisions\/781"}],"wp:attachment":[{"href":"https:\/\/www.astro-novinky.eu\/index.php\/wp-json\/wp\/v2\/media?parent=737"}],"wp:term":[{"taxonomy":"category","embeddable":true,"href":"https:\/\/www.astro-novinky.eu\/index.php\/wp-json\/wp\/v2\/categories?post=737"},{"taxonomy":"post_tag","embeddable":true,"href":"https:\/\/www.astro-novinky.eu\/index.php\/wp-json\/wp\/v2\/tags?post=737"}],"curies":[{"name":"wp","href":"https:\/\/api.w.org\/{rel}","templated":true}]}}