{"id":285,"date":"2018-02-09T10:40:06","date_gmt":"2018-02-09T10:40:06","guid":{"rendered":"https:\/\/demo.themegrill.com\/colormag\/?page_id=285"},"modified":"2021-04-13T14:31:29","modified_gmt":"2021-04-13T12:31:29","slug":"kontakt","status":"publish","type":"page","link":"https:\/\/www.astro-novinky.eu\/index.php\/kontakt\/","title":{"rendered":"Kontakt"},"content":{"rendered":"<p><strong>\u010cesko-Slovensk\u00e1 Astronomick\u00e1 tla\u010dov\u00e1 agent\u00fara<\/strong><\/p>\n<div  class=\"lgc-column lgc-grid-parent lgc-grid-50 lgc-tablet-grid-50 lgc-mobile-grid-100 lgc-equal-heights \"><div  class=\"inside-grid-column\">\n<p>Astro-novinky.eu<\/p>\n<p>Prev\u00e1dzkovate\u013e:<br \/>\nOb\u010dianske zdru\u017eenie Astron\u00f3mia pre v\u0161etk\u00fdch<br \/>\nChme\u013en\u00edky 331\/40, Ko\u0161ice 040 16<br \/>\nI\u010cO: 5217 0527<br \/>\nDI\u010c: 2120993886<br \/>\nBankov\u00e9 spojenie:<br \/>\nTatra Banka<br \/>\nSK6011000000002941068233<\/p>\n<p><em><strong>Slovensk\u00fd medi\u00e1lny kontakt:\u00a0<\/strong><\/em><\/p>\n<p><strong>Tom\u00e1\u0161 Slovinsk\u00fd<\/strong><br \/>\nRiadite\u013e OZ Astron\u00f3mia pre v\u0161etk\u00fdch<br \/>\nLektor, astrofotograf, autor \u010dl\u00e1nkov<\/p>\n<p>Tel. <strong>+421 948 318 005<\/strong><br \/>\n<a href=\"https:\/\/slovinsky.art\" target=\"_blank\" rel=\"noopener\">www.slovinsky.art<\/a><br \/>\n<a href=\"https:\/\/www.instagram.com\/slovinsky.art\/\">INSTA: @slovinsky.art<\/a><\/p>\n<p><img loading=\"lazy\" decoding=\"async\" class=\"alignnone size-medium wp-image-563\" src=\"https:\/\/www.astro-novinky.eu\/wp-content\/uploads\/2021\/03\/profilese-203x300.jpg\" alt=\"\" width=\"203\" height=\"300\" srcset=\"https:\/\/www.astro-novinky.eu\/wp-content\/uploads\/2021\/03\/profilese-203x300.jpg 203w, https:\/\/www.astro-novinky.eu\/wp-content\/uploads\/2021\/03\/profilese.jpg 211w\" sizes=\"auto, (max-width: 203px) 100vw, 203px\" \/><\/p>\n<p><\/p><\/div><\/div>\n<div  class=\"lgc-column lgc-grid-parent lgc-grid-50 lgc-tablet-grid-50 lgc-mobile-grid-100 lgc-equal-heights \"><div  class=\"inside-grid-column\">\n<p>&nbsp;<\/p>\n<p>WEB:<br \/>\n<a href=\"https:\/\/www.astro-novinky.eu\"><strong>www.astro-novinky.eu<\/strong><\/a><\/p>\n<p>E-MAIL:<br \/>\n<strong><a href=\"mailto:info@astro-novinky.eu\">info@astro-novinky.eu<\/a><\/strong><\/p>\n<p>&nbsp;<\/p>\n<p style=\"text-align: left;\"><b><i><br \/>\n\u010cesk\u00fd medi\u00e1lny kontakt:<\/i><\/b><\/p>\n<p><strong>Bc. Petr Hor\u00e1lek<br \/>\n<\/strong>ESO Photo Ambas\u00e1dor<br \/>\nAstrofotograf, spisovate\u013e, publicista<\/p>\n<p>Tel. <strong>+421 732 826 883<\/strong><br \/>\n<a href=\"https:\/\/www.petrhoralek.com\" target=\"_blank\" rel=\"noopener\">www.petrhoralek.com<\/a><br \/>\n<a href=\"https:\/\/www.instagram.com\/petrhoralek\/\">INSTA: @petrhoralek<\/a><\/p>\n<p><img loading=\"lazy\" decoding=\"async\" class=\"alignnone size-medium wp-image-515\" src=\"https:\/\/www.astro-novinky.eu\/wp-content\/uploads\/2021\/03\/12039518_842172489231696_2394660185602876960_n-203x300.jpg\" alt=\"\" width=\"203\" height=\"300\" srcset=\"https:\/\/www.astro-novinky.eu\/wp-content\/uploads\/2021\/03\/12039518_842172489231696_2394660185602876960_n-203x300.jpg 203w, https:\/\/www.astro-novinky.eu\/wp-content\/uploads\/2021\/03\/12039518_842172489231696_2394660185602876960_n.jpg 211w\" sizes=\"auto, (max-width: 203px) 100vw, 203px\" \/><\/p>\n<p><\/p><\/div><\/div><div class=\"lgc-clear\"><\/div>\n<h5 style=\"text-align: center;\">Kontaktn\u00fd formul\u00e1r<\/h5>\n<h6><div class=\"everest-forms\"><div class=\"evf-container default\" id=\"evf-287\"><form id=\"evf-form-287\" class=\"everest-form\" data-formid=\"287\" data-ajax_submission=\"0\" data-keyboard_friendly_form=\"0\" data-form_state_type=\"\" method=\"post\" enctype=\"multipart\/form-data\" action=\"\/index.php\/wp-json\/wp\/v2\/pages\/285\"><div class=\"evf-field-container\"><input type=\"hidden\" id=\"_wpnonce287\" name=\"_wpnonce287\" value=\"ece53f1b7a\" \/><input type=\"hidden\" name=\"_wp_http_referer\" value=\"\/index.php\/wp-json\/wp\/v2\/pages\/285\" \/><div class=\"evf-frontend-row\" data-row=\"row_1\" conditional_rules=\"[]\"><div class=\"evf-frontend-grid evf-grid-1\" data-grid=\"grid_1\"><div id=\"evf-287-field_lVizlNhYus-1-container\" class=\"evf-field evf-field-text form-row validate-required\" data-required-field-message=\"Toto pole je povinn\u00e9\" data-field-id=\"lVizlNhYus-1\"><label class=\"evf-field-label\" for=\"evf-287-field_lVizlNhYus-1\"><span class=\"evf-label\">Meno<\/span> <abbr class=\"required\" title=\"Required\">*<\/abbr><\/label><input type=\"text\" id=\"evf-287-field_lVizlNhYus-1\" class=\"input-text\" name=\"everest_forms[form_fields][lVizlNhYus-1]\" required><\/div><div id=\"evf-287-field_XYnMdkQDKM-3-container\" class=\"evf-field evf-field-email form-row validate-required validate-email\" data-required-field-message=\"Pros\u00edm zadajte platn\u00fa emailov\u00fa adresu\" data-field-id=\"XYnMdkQDKM-3\"><label class=\"evf-field-label\" for=\"evf-287-field_XYnMdkQDKM-3\"><span class=\"evf-label\">Email<\/span> <abbr class=\"required\" title=\"Required\">*<\/abbr><\/label><input type=\"email\" id=\"evf-287-field_XYnMdkQDKM-3\" class=\"input-text\" name=\"everest_forms[form_fields][XYnMdkQDKM-3]\" required ><\/div><div id=\"evf-287-field_xJivsqAS2c-2-container\" class=\"evf-field evf-field-text form-row validate-required\" data-required-field-message=\"Toto pole je povinn\u00e9.\" data-field-id=\"xJivsqAS2c-2\"><label class=\"evf-field-label\" for=\"evf-287-field_xJivsqAS2c-2\"><span class=\"evf-label\">Predmet<\/span> <abbr class=\"required\" title=\"Required\">*<\/abbr><\/label><input type=\"text\" id=\"evf-287-field_xJivsqAS2c-2\" class=\"input-text\" name=\"everest_forms[form_fields][xJivsqAS2c-2]\" required><\/div><div id=\"evf-287-field_YalaPcQ0DO-4-container\" class=\"evf-field evf-field-textarea form-row\" data-field-id=\"YalaPcQ0DO-4\"><label class=\"evf-field-label\" for=\"evf-287-field_YalaPcQ0DO-4\"><span class=\"evf-label\">Spr\u00e1va<\/span> <\/label><textarea id=\"evf-287-field_YalaPcQ0DO-4\" class=\"input-text\" name=\"everest_forms[form_fields][YalaPcQ0DO-4]\"  ><\/textarea><\/div><\/div><\/div><\/div><div class=\"evf-honeypot-container evf-field-hp\"><label for=\"evf-287-field-hp\" class=\"evf-field-label\">Phone<\/label><input type=\"text\" name=\"everest_forms[hp]\" id=\"evf-287-field-hp\" class=\"input-text\"><\/div><div class=\"evf-recaptcha-container recaptcha-hidden\" style=\"display:block\"><input type=\"hidden\" name=\"everest_forms[recaptcha]\" value=\"\"><\/div><div class=\"evf-submit-container \" ><input type=\"hidden\" name=\"everest_forms[id]\" value=\"287\"><input type=\"hidden\" name=\"everest_forms[author]\" value=\"1\"><button type='submit' name='everest_forms[submit]' class='everest-forms-submit-button button evf-submit ' id='evf-submit-287' value='evf-submit' data-process-text=\"Spracovanie...\" conditional_rules='&quot;&quot;' conditional_id='evf-submit-287'  id=\"evf-submit-287\" aria-live=\"assertive\">Potvrdi\u0165<\/button><\/div><\/form><\/div><!-- .evf-container --><\/div><\/h6>\n","protected":false},"excerpt":{"rendered":"<p>\u010cesko-Slovensk\u00e1 Astronomick\u00e1 tla\u010dov\u00e1 agent\u00fara Kontaktn\u00fd formul\u00e1r<\/p>\n","protected":false},"author":1,"featured_media":0,"parent":0,"menu_order":0,"comment_status":"closed","ping_status":"closed","template":"page-templates\/contact.php","meta":{"colormag_page_container_layout":"default_layout","colormag_page_sidebar_layout":"default_layout","footnotes":""},"categories":[],"tags":[],"class_list":["post-285","page","type-page","status-publish","hentry"],"yoast_head":"<!-- This site is optimized with the Yoast SEO plugin v27.5 - https:\/\/yoast.com\/product\/yoast-seo-wordpress\/ -->\n<title>Kontakt - Astro-novinky.eu<\/title>\n<meta name=\"robots\" content=\"index, follow, max-snippet:-1, max-image-preview:large, max-video-preview:-1\" \/>\n<link rel=\"canonical\" href=\"https:\/\/www.astro-novinky.eu\/index.php\/kontakt\/\" \/>\n<meta property=\"og:locale\" content=\"sk_SK\" \/>\n<meta property=\"og:type\" content=\"article\" \/>\n<meta property=\"og:title\" content=\"Kontakt - Astro-novinky.eu\" \/>\n<meta property=\"og:description\" content=\"\u010cesko-Slovensk\u00e1 Astronomick\u00e1 tla\u010dov\u00e1 agent\u00fara Kontaktn\u00fd formul\u00e1r\" \/>\n<meta property=\"og:url\" content=\"https:\/\/www.astro-novinky.eu\/index.php\/kontakt\/\" \/>\n<meta property=\"og:site_name\" content=\"Astro-novinky.eu\" \/>\n<meta property=\"article:publisher\" content=\"https:\/\/www.facebook.com\/MinutkyZVesmiru\" \/>\n<meta property=\"article:modified_time\" content=\"2021-04-13T12:31:29+00:00\" \/>\n<meta property=\"og:image\" content=\"https:\/\/www.astro-novinky.eu\/wp-content\/uploads\/2021\/03\/profilese-203x300.jpg\" \/>\n<meta name=\"twitter:card\" content=\"summary_large_image\" \/>\n<meta name=\"twitter:label1\" content=\"Predpokladan\u00fd \u010das \u010d\u00edtania\" \/>\n\t<meta name=\"twitter:data1\" content=\"1 min\u00fata\" \/>\n<script type=\"application\/ld+json\" class=\"yoast-schema-graph\">{\"@context\":\"https:\\\/\\\/schema.org\",\"@graph\":[{\"@type\":\"WebPage\",\"@id\":\"https:\\\/\\\/www.astro-novinky.eu\\\/index.php\\\/kontakt\\\/\",\"url\":\"https:\\\/\\\/www.astro-novinky.eu\\\/index.php\\\/kontakt\\\/\",\"name\":\"Kontakt - Astro-novinky.eu\",\"isPartOf\":{\"@id\":\"https:\\\/\\\/www.astro-novinky.eu\\\/#website\"},\"primaryImageOfPage\":{\"@id\":\"https:\\\/\\\/www.astro-novinky.eu\\\/index.php\\\/kontakt\\\/#primaryimage\"},\"image\":{\"@id\":\"https:\\\/\\\/www.astro-novinky.eu\\\/index.php\\\/kontakt\\\/#primaryimage\"},\"thumbnailUrl\":\"https:\\\/\\\/www.astro-novinky.eu\\\/wp-content\\\/uploads\\\/2021\\\/03\\\/profilese-203x300.jpg\",\"datePublished\":\"2018-02-09T10:40:06+00:00\",\"dateModified\":\"2021-04-13T12:31:29+00:00\",\"breadcrumb\":{\"@id\":\"https:\\\/\\\/www.astro-novinky.eu\\\/index.php\\\/kontakt\\\/#breadcrumb\"},\"inLanguage\":\"sk-SK\",\"potentialAction\":[{\"@type\":\"ReadAction\",\"target\":[\"https:\\\/\\\/www.astro-novinky.eu\\\/index.php\\\/kontakt\\\/\"]}]},{\"@type\":\"ImageObject\",\"inLanguage\":\"sk-SK\",\"@id\":\"https:\\\/\\\/www.astro-novinky.eu\\\/index.php\\\/kontakt\\\/#primaryimage\",\"url\":\"https:\\\/\\\/www.astro-novinky.eu\\\/wp-content\\\/uploads\\\/2021\\\/03\\\/profilese.jpg\",\"contentUrl\":\"https:\\\/\\\/www.astro-novinky.eu\\\/wp-content\\\/uploads\\\/2021\\\/03\\\/profilese.jpg\",\"width\":211,\"height\":312},{\"@type\":\"BreadcrumbList\",\"@id\":\"https:\\\/\\\/www.astro-novinky.eu\\\/index.php\\\/kontakt\\\/#breadcrumb\",\"itemListElement\":[{\"@type\":\"ListItem\",\"position\":1,\"name\":\"Domovsk\u00e1 str\u00e1nka\",\"item\":\"https:\\\/\\\/www.astro-novinky.eu\\\/\"},{\"@type\":\"ListItem\",\"position\":2,\"name\":\"Kontakt\"}]},{\"@type\":\"WebSite\",\"@id\":\"https:\\\/\\\/www.astro-novinky.eu\\\/#website\",\"url\":\"https:\\\/\\\/www.astro-novinky.eu\\\/\",\"name\":\"Astro-novinky.eu\",\"description\":\"Novinky z astronomie a kosmonautiky\",\"publisher\":{\"@id\":\"https:\\\/\\\/www.astro-novinky.eu\\\/#organization\"},\"alternateName\":\"Astro-Novinky.eu\",\"potentialAction\":[{\"@type\":\"SearchAction\",\"target\":{\"@type\":\"EntryPoint\",\"urlTemplate\":\"https:\\\/\\\/www.astro-novinky.eu\\\/?s={search_term_string}\"},\"query-input\":{\"@type\":\"PropertyValueSpecification\",\"valueRequired\":true,\"valueName\":\"search_term_string\"}}],\"inLanguage\":\"sk-SK\"},{\"@type\":\"Organization\",\"@id\":\"https:\\\/\\\/www.astro-novinky.eu\\\/#organization\",\"name\":\"Astro-Novinky.eu\",\"alternateName\":\"Astro-Novinky.eu\",\"url\":\"https:\\\/\\\/www.astro-novinky.eu\\\/\",\"logo\":{\"@type\":\"ImageObject\",\"inLanguage\":\"sk-SK\",\"@id\":\"https:\\\/\\\/www.astro-novinky.eu\\\/#\\\/schema\\\/logo\\\/image\\\/\",\"url\":\"https:\\\/\\\/www.astro-novinky.eu\\\/wp-content\\\/uploads\\\/2021\\\/04\\\/Logo_SMALLest.png\",\"contentUrl\":\"https:\\\/\\\/www.astro-novinky.eu\\\/wp-content\\\/uploads\\\/2021\\\/04\\\/Logo_SMALLest.png\",\"width\":214,\"height\":94,\"caption\":\"Astro-Novinky.eu\"},\"image\":{\"@id\":\"https:\\\/\\\/www.astro-novinky.eu\\\/#\\\/schema\\\/logo\\\/image\\\/\"},\"sameAs\":[\"https:\\\/\\\/www.facebook.com\\\/MinutkyZVesmiru\"]}]}<\/script>\n<!-- \/ Yoast SEO plugin. -->","yoast_head_json":{"title":"Kontakt - Astro-novinky.eu","robots":{"index":"index","follow":"follow","max-snippet":"max-snippet:-1","max-image-preview":"max-image-preview:large","max-video-preview":"max-video-preview:-1"},"canonical":"https:\/\/www.astro-novinky.eu\/index.php\/kontakt\/","og_locale":"sk_SK","og_type":"article","og_title":"Kontakt - Astro-novinky.eu","og_description":"\u010cesko-Slovensk\u00e1 Astronomick\u00e1 tla\u010dov\u00e1 agent\u00fara Kontaktn\u00fd formul\u00e1r","og_url":"https:\/\/www.astro-novinky.eu\/index.php\/kontakt\/","og_site_name":"Astro-novinky.eu","article_publisher":"https:\/\/www.facebook.com\/MinutkyZVesmiru","article_modified_time":"2021-04-13T12:31:29+00:00","og_image":[{"url":"https:\/\/www.astro-novinky.eu\/wp-content\/uploads\/2021\/03\/profilese-203x300.jpg","type":"","width":"","height":""}],"twitter_card":"summary_large_image","twitter_misc":{"Predpokladan\u00fd \u010das \u010d\u00edtania":"1 min\u00fata"},"schema":{"@context":"https:\/\/schema.org","@graph":[{"@type":"WebPage","@id":"https:\/\/www.astro-novinky.eu\/index.php\/kontakt\/","url":"https:\/\/www.astro-novinky.eu\/index.php\/kontakt\/","name":"Kontakt - Astro-novinky.eu","isPartOf":{"@id":"https:\/\/www.astro-novinky.eu\/#website"},"primaryImageOfPage":{"@id":"https:\/\/www.astro-novinky.eu\/index.php\/kontakt\/#primaryimage"},"image":{"@id":"https:\/\/www.astro-novinky.eu\/index.php\/kontakt\/#primaryimage"},"thumbnailUrl":"https:\/\/www.astro-novinky.eu\/wp-content\/uploads\/2021\/03\/profilese-203x300.jpg","datePublished":"2018-02-09T10:40:06+00:00","dateModified":"2021-04-13T12:31:29+00:00","breadcrumb":{"@id":"https:\/\/www.astro-novinky.eu\/index.php\/kontakt\/#breadcrumb"},"inLanguage":"sk-SK","potentialAction":[{"@type":"ReadAction","target":["https:\/\/www.astro-novinky.eu\/index.php\/kontakt\/"]}]},{"@type":"ImageObject","inLanguage":"sk-SK","@id":"https:\/\/www.astro-novinky.eu\/index.php\/kontakt\/#primaryimage","url":"https:\/\/www.astro-novinky.eu\/wp-content\/uploads\/2021\/03\/profilese.jpg","contentUrl":"https:\/\/www.astro-novinky.eu\/wp-content\/uploads\/2021\/03\/profilese.jpg","width":211,"height":312},{"@type":"BreadcrumbList","@id":"https:\/\/www.astro-novinky.eu\/index.php\/kontakt\/#breadcrumb","itemListElement":[{"@type":"ListItem","position":1,"name":"Domovsk\u00e1 str\u00e1nka","item":"https:\/\/www.astro-novinky.eu\/"},{"@type":"ListItem","position":2,"name":"Kontakt"}]},{"@type":"WebSite","@id":"https:\/\/www.astro-novinky.eu\/#website","url":"https:\/\/www.astro-novinky.eu\/","name":"Astro-novinky.eu","description":"Novinky z astronomie a kosmonautiky","publisher":{"@id":"https:\/\/www.astro-novinky.eu\/#organization"},"alternateName":"Astro-Novinky.eu","potentialAction":[{"@type":"SearchAction","target":{"@type":"EntryPoint","urlTemplate":"https:\/\/www.astro-novinky.eu\/?s={search_term_string}"},"query-input":{"@type":"PropertyValueSpecification","valueRequired":true,"valueName":"search_term_string"}}],"inLanguage":"sk-SK"},{"@type":"Organization","@id":"https:\/\/www.astro-novinky.eu\/#organization","name":"Astro-Novinky.eu","alternateName":"Astro-Novinky.eu","url":"https:\/\/www.astro-novinky.eu\/","logo":{"@type":"ImageObject","inLanguage":"sk-SK","@id":"https:\/\/www.astro-novinky.eu\/#\/schema\/logo\/image\/","url":"https:\/\/www.astro-novinky.eu\/wp-content\/uploads\/2021\/04\/Logo_SMALLest.png","contentUrl":"https:\/\/www.astro-novinky.eu\/wp-content\/uploads\/2021\/04\/Logo_SMALLest.png","width":214,"height":94,"caption":"Astro-Novinky.eu"},"image":{"@id":"https:\/\/www.astro-novinky.eu\/#\/schema\/logo\/image\/"},"sameAs":["https:\/\/www.facebook.com\/MinutkyZVesmiru"]}]}},"_links":{"self":[{"href":"https:\/\/www.astro-novinky.eu\/index.php\/wp-json\/wp\/v2\/pages\/285","targetHints":{"allow":["GET"]}}],"collection":[{"href":"https:\/\/www.astro-novinky.eu\/index.php\/wp-json\/wp\/v2\/pages"}],"about":[{"href":"https:\/\/www.astro-novinky.eu\/index.php\/wp-json\/wp\/v2\/types\/page"}],"author":[{"embeddable":true,"href":"https:\/\/www.astro-novinky.eu\/index.php\/wp-json\/wp\/v2\/users\/1"}],"replies":[{"embeddable":true,"href":"https:\/\/www.astro-novinky.eu\/index.php\/wp-json\/wp\/v2\/comments?post=285"}],"version-history":[{"count":8,"href":"https:\/\/www.astro-novinky.eu\/index.php\/wp-json\/wp\/v2\/pages\/285\/revisions"}],"predecessor-version":[{"id":880,"href":"https:\/\/www.astro-novinky.eu\/index.php\/wp-json\/wp\/v2\/pages\/285\/revisions\/880"}],"wp:attachment":[{"href":"https:\/\/www.astro-novinky.eu\/index.php\/wp-json\/wp\/v2\/media?parent=285"}],"wp:term":[{"taxonomy":"category","embeddable":true,"href":"https:\/\/www.astro-novinky.eu\/index.php\/wp-json\/wp\/v2\/categories?post=285"},{"taxonomy":"post_tag","embeddable":true,"href":"https:\/\/www.astro-novinky.eu\/index.php\/wp-json\/wp\/v2\/tags?post=285"}],"curies":[{"name":"wp","href":"https:\/\/api.w.org\/{rel}","templated":true}]}}